{"id":52,"date":"2020-02-06T08:11:49","date_gmt":"2020-02-06T08:11:49","guid":{"rendered":"https:\/\/bauplan-floegel.de\/?page_id=52"},"modified":"2020-03-24T14:40:00","modified_gmt":"2020-03-24T14:40:00","slug":"impressum","status":"publish","type":"page","link":"https:\/\/bauplan-floegel.de\/?page_id=52","title":{"rendered":"Impressum"},"content":{"rendered":"<p><strong>Ingenieurb\u00fcro Bauplan-Fl\u00f6gel<\/strong><br \/>\nHeiko Fl\u00f6gel, Dipl.-Ing. (FH)<br \/>\nIngenieurkammer Sachsen-Anhalt<br \/>\nListennummer 16095<br \/>\nFreiwilliges Mitglied<\/p>\n<p>In der Alten Kaserne 1<br \/>\n39288 Burg<\/p>\n<p>Tel: \u00a0 \u00a0 \u00a0<a href=\"tel:039219765444\"> 03921 \/ 9765 444<\/a><br \/>\nFax:\u00a0\u00a0\u00a0\u00a0\u00a0 03921 \/ 7299 852<br \/>\nMail:\u00a0\u00a0\u00a0 <a href=\"mailto:info@bauplan-floegel.de\">info@bauplan-floegel.de<\/a><\/p>\n<p>St.-Nr.: 103 219 00 475<br \/>\nUSt.-ID.: DE2931 4439 4<\/p>\n<p>Plattform der EU-Kommission zur Online-Streitbeilegung: <a href=\"https:\/\/ec.europa.eu\/consumers\/odr\" target=\"_blank\" rel=\"noopener noreferrer\">https:\/\/ec.europa.eu\/consumers\/odr.\u00a0<\/a>Wir sind zur Teilnahme an einem Streitbeilegungsverfahren vor einer Verbraucherschlichtungsstelle weder verpflichtet noch bereit.<\/p>\n","protected":false},"excerpt":{"rendered":"<p>Ingenieurb\u00fcro Bauplan-Fl\u00f6gel Heiko Fl\u00f6gel, Dipl.-Ing. (FH) Ingenieurkammer Sachsen-Anhalt Listennummer 16095 Freiwilliges Mitglied In der Alten Kaserne&hellip;<\/p>\n","protected":false},"author":1,"featured_media":0,"parent":0,"menu_order":0,"comment_status":"closed","ping_status":"closed","template":"","meta":{"footnotes":""},"aioseo_notices":[],"_links":{"self":[{"href":"https:\/\/bauplan-floegel.de\/index.php?rest_route=\/wp\/v2\/pages\/52"}],"collection":[{"href":"https:\/\/bauplan-floegel.de\/index.php?rest_route=\/wp\/v2\/pages"}],"about":[{"href":"https:\/\/bauplan-floegel.de\/index.php?rest_route=\/wp\/v2\/types\/page"}],"author":[{"embeddable":true,"href":"https:\/\/bauplan-floegel.de\/index.php?rest_route=\/wp\/v2\/users\/1"}],"replies":[{"embeddable":true,"href":"https:\/\/bauplan-floegel.de\/index.php?rest_route=%2Fwp%2Fv2%2Fcomments&post=52"}],"version-history":[{"count":5,"href":"https:\/\/bauplan-floegel.de\/index.php?rest_route=\/wp\/v2\/pages\/52\/revisions"}],"predecessor-version":[{"id":202,"href":"https:\/\/bauplan-floegel.de\/index.php?rest_route=\/wp\/v2\/pages\/52\/revisions\/202"}],"wp:attachment":[{"href":"https:\/\/bauplan-floegel.de\/index.php?rest_route=%2Fwp%2Fv2%2Fmedia&parent=52"}],"curies":[{"name":"wp","href":"https:\/\/api.w.org\/{rel}","templated":true}]}}