{"id":44,"date":"2020-02-06T08:11:16","date_gmt":"2020-02-06T08:11:16","guid":{"rendered":"https:\/\/bauplan-floegel.de\/?page_id=44"},"modified":"2024-02-01T07:52:18","modified_gmt":"2024-02-01T07:52:18","slug":"home","status":"publish","type":"page","link":"https:\/\/bauplan-floegel.de\/","title":{"rendered":"Home"},"content":{"rendered":"\t\t<div data-elementor-type=\"wp-page\" data-elementor-id=\"44\" class=\"elementor elementor-44\" data-elementor-post-type=\"page\">\n\t\t\t\t\t\t<section class=\"elementor-section elementor-top-section elementor-element elementor-element-250085d elementor-section-stretched elementor-section-full_width elementor-section-height-default elementor-section-height-default\" data-id=\"250085d\" data-element_type=\"section\" data-settings=\"{&quot;stretch_section&quot;:&quot;section-stretched&quot;,&quot;background_background&quot;:&quot;classic&quot;}\">\n\t\t\t\t\t\t\t<div class=\"elementor-background-overlay\"><\/div>\n\t\t\t\t\t\t\t<div class=\"elementor-container elementor-column-gap-default\">\n\t\t\t\t\t<div class=\"elementor-column elementor-col-100 elementor-top-column elementor-element elementor-element-75792f0\" data-id=\"75792f0\" data-element_type=\"column\">\n\t\t\t<div class=\"elementor-widget-wrap elementor-element-populated\">\n\t\t\t\t\t\t<div class=\"elementor-element elementor-element-23e0dca elementor-widget elementor-widget-text-editor\" data-id=\"23e0dca\" data-element_type=\"widget\" data-widget_type=\"text-editor.default\">\n\t\t\t\t<div class=\"elementor-widget-container\">\n\t\t\t\t\t\t\t<p style=\"text-align: center\"><span style=\"color: #00518e\">Ingenieurb\u00fcro f\u00fcr Bauplanung &amp;<br \/>Tragwerksplanung<\/span><\/p>\t\t\t\t\t\t<\/div>\n\t\t\t\t<\/div>\n\t\t\t\t\t<\/div>\n\t\t<\/div>\n\t\t\t\t\t<\/div>\n\t\t<\/section>\n\t\t\t\t<section class=\"elementor-section elementor-top-section elementor-element elementor-element-d78878a elementor-section-boxed elementor-section-height-default elementor-section-height-default\" data-id=\"d78878a\" data-element_type=\"section\" data-settings=\"{&quot;background_background&quot;:&quot;classic&quot;,&quot;shape_divider_top&quot;:&quot;arrow&quot;}\">\n\t\t\t\t\t<div class=\"elementor-shape elementor-shape-top\" data-negative=\"false\">\n\t\t\t<svg xmlns=\"http:\/\/www.w3.org\/2000\/svg\" viewBox=\"0 0 700 10\" preserveAspectRatio=\"none\">\n\t<path class=\"elementor-shape-fill\" d=\"M350,10L340,0h20L350,10z\"\/>\n<\/svg>\t\t<\/div>\n\t\t\t\t\t<div class=\"elementor-container elementor-column-gap-default\">\n\t\t\t\t\t<div class=\"elementor-column elementor-col-100 elementor-top-column elementor-element elementor-element-4ab10db\" data-id=\"4ab10db\" data-element_type=\"column\">\n\t\t\t<div class=\"elementor-widget-wrap elementor-element-populated\">\n\t\t\t\t\t\t<section class=\"elementor-section elementor-inner-section elementor-element elementor-element-a7ee211 elementor-section-content-middle elementor-section-boxed elementor-section-height-default elementor-section-height-default\" data-id=\"a7ee211\" data-element_type=\"section\">\n\t\t\t\t\t\t<div class=\"elementor-container elementor-column-gap-default\">\n\t\t\t\t\t<div class=\"elementor-column elementor-col-50 elementor-inner-column elementor-element elementor-element-bd2026d\" data-id=\"bd2026d\" data-element_type=\"column\">\n\t\t\t<div class=\"elementor-widget-wrap elementor-element-populated\">\n\t\t\t\t\t\t<div class=\"elementor-element elementor-element-eedca7f elementor-widget elementor-widget-text-editor\" data-id=\"eedca7f\" data-element_type=\"widget\" data-widget_type=\"text-editor.default\">\n\t\t\t\t<div class=\"elementor-widget-container\">\n\t\t\t\t\t\t\t<p style=\"text-align: left\">Herzlich Willkommen!<\/p>\t\t\t\t\t\t<\/div>\n\t\t\t\t<\/div>\n\t\t\t\t<div class=\"elementor-element elementor-element-fdff620 elementor-widget elementor-widget-text-editor\" data-id=\"fdff620\" data-element_type=\"widget\" data-widget_type=\"text-editor.default\">\n\t\t\t\t<div class=\"elementor-widget-container\">\n\t\t\t\t\t\t\t<p style=\"text-align: left\"><strong>Herzlich Willkommen im Ingenieurb\u00fcro Bauplan-Fl\u00f6gel. Wir sind Ihr verl\u00e4sslicher Partner f\u00fcr solide Tragwerksplanung und Ausf\u00fchrungsplanung f\u00fcr Bauvorhaben fast jeder Gr\u00f6\u00dfe, wie zum Beispiel:<\/strong><\/p><p style=\"text-align: left\">Einfamilienh\u00e4user, Reihenh\u00e4user, Mehrfamilienh\u00e4user, Wohn- und Gesch\u00e4ftsgeb\u00e4ude, Um- und Anbauten Aufstockungen, landwirtschaftliche Geb\u00e4ude, Dachst\u00fchle f\u00fcr Zimmereien und Carports.<\/p>\t\t\t\t\t\t<\/div>\n\t\t\t\t<\/div>\n\t\t\t\t\t<\/div>\n\t\t<\/div>\n\t\t\t\t<div class=\"elementor-column elementor-col-50 elementor-inner-column elementor-element elementor-element-62dc6f7\" data-id=\"62dc6f7\" data-element_type=\"column\">\n\t\t\t<div class=\"elementor-widget-wrap elementor-element-populated\">\n\t\t\t\t\t\t<div class=\"elementor-element elementor-element-265b9d7 elementor-widget elementor-widget-image\" data-id=\"265b9d7\" data-element_type=\"widget\" data-widget_type=\"image.default\">\n\t\t\t\t<div class=\"elementor-widget-container\">\n\t\t\t\t\t\t\t\t\t\t\t\t\t<img fetchpriority=\"high\" decoding=\"async\" width=\"688\" height=\"474\" src=\"https:\/\/bauplan-floegel.de\/wp-content\/uploads\/2020\/03\/Wolke_Keywords-1024x706.png\" class=\"attachment-large size-large wp-image-175\" alt=\"\" srcset=\"https:\/\/bauplan-floegel.de\/wp-content\/uploads\/2020\/03\/Wolke_Keywords-1024x706.png 1024w, https:\/\/bauplan-floegel.de\/wp-content\/uploads\/2020\/03\/Wolke_Keywords-300x207.png 300w, https:\/\/bauplan-floegel.de\/wp-content\/uploads\/2020\/03\/Wolke_Keywords-768x529.png 768w, https:\/\/bauplan-floegel.de\/wp-content\/uploads\/2020\/03\/Wolke_Keywords.png 1431w\" sizes=\"(max-width: 688px) 100vw, 688px\" \/>\t\t\t\t\t\t\t\t\t\t\t\t\t<\/div>\n\t\t\t\t<\/div>\n\t\t\t\t\t<\/div>\n\t\t<\/div>\n\t\t\t\t\t<\/div>\n\t\t<\/section>\n\t\t\t\t\t<\/div>\n\t\t<\/div>\n\t\t\t\t\t<\/div>\n\t\t<\/section>\n\t\t\t\t<\/div>\n\t\t","protected":false},"excerpt":{"rendered":"<p>Ingenieurb\u00fcro f\u00fcr Bauplanung &amp;Tragwerksplanung Herzlich Willkommen! Herzlich Willkommen im Ingenieurb\u00fcro Bauplan-Fl\u00f6gel. Wir sind Ihr verl\u00e4sslicher Partner&hellip;<\/p>\n","protected":false},"author":1,"featured_media":0,"parent":0,"menu_order":0,"comment_status":"closed","ping_status":"closed","template":"elementor_header_footer","meta":{"footnotes":""},"aioseo_notices":[],"_links":{"self":[{"href":"https:\/\/bauplan-floegel.de\/index.php?rest_route=\/wp\/v2\/pages\/44"}],"collection":[{"href":"https:\/\/bauplan-floegel.de\/index.php?rest_route=\/wp\/v2\/pages"}],"about":[{"href":"https:\/\/bauplan-floegel.de\/index.php?rest_route=\/wp\/v2\/types\/page"}],"author":[{"embeddable":true,"href":"https:\/\/bauplan-floegel.de\/index.php?rest_route=\/wp\/v2\/users\/1"}],"replies":[{"embeddable":true,"href":"https:\/\/bauplan-floegel.de\/index.php?rest_route=%2Fwp%2Fv2%2Fcomments&post=44"}],"version-history":[{"count":35,"href":"https:\/\/bauplan-floegel.de\/index.php?rest_route=\/wp\/v2\/pages\/44\/revisions"}],"predecessor-version":[{"id":235,"href":"https:\/\/bauplan-floegel.de\/index.php?rest_route=\/wp\/v2\/pages\/44\/revisions\/235"}],"wp:attachment":[{"href":"https:\/\/bauplan-floegel.de\/index.php?rest_route=%2Fwp%2Fv2%2Fmedia&parent=44"}],"curies":[{"name":"wp","href":"https:\/\/api.w.org\/{rel}","templated":true}]}}